{"id":7864,"date":"2016-08-15T11:14:33","date_gmt":"2016-08-15T14:14:33","guid":{"rendered":"http:\/\/www.designbyedsonnunes.com.br\/?page_id=7864"},"modified":"2016-10-21T13:06:19","modified_gmt":"2016-10-21T15:06:19","slug":"edson-nunes","status":"publish","type":"page","link":"https:\/\/www.designbyedsonnunes.com.br\/es\/edson-nunes\/","title":{"rendered":"Edson Nunes"},"content":{"rendered":"<style type=\"text\/css\"> \n#cmsms_heading_69e7f74dc7acb { \n\ttext-align:left; \n\tmargin-top:65px; \n\tmargin-bottom:0px; \n} \n\n#cmsms_heading_69e7f74dc7acb .cmsms_heading { \n\ttext-align:left; \n} \n\n#cmsms_heading_69e7f74dc7acb .cmsms_heading, #cmsms_heading_69e7f74dc7acb .cmsms_heading a { \n\tfont-family:'Lato'; \n\tline-height:33px; \n\tfont-weight:100; \n\tfont-style:normal; \n} \n\n#cmsms_heading_69e7f74dc7acb .cmsms_heading_divider { \n} \n\n<\/style><div id=\"cmsms_row_69e7f74dc79d3\" class=\"cmsms_row cmsms_color_scheme_default\">\n<div class=\"cmsms_row_outer_parent\">\n<div class=\"cmsms_row_outer\">\n<div class=\"cmsms_row_inner\">\n<div class=\"cmsms_row_margin\">\n<div class=\"cmsms_column one_half\">\n\n<div id=\"cmsms_heading_69e7f74dc7acb\" class=\"cmsms_heading_wrap cmsms_heading_align_left\">\n\t<h2 class=\"cmsms_heading\"><strong>ECO DESIGNER<\/strong> por vocacion, <small>GRADUADO<\/small> en publicidad<\/h2>\n<\/div><div class=\"cmsms_text\">\n<p><span style=\"font-size: 18px; line-height: 23px;\">Edson Nunes, desde 1992 he desempe\u00f1ado mis habilidades como artesano, por medio de investigaci\u00f3n, creatividad y produciendo por cuenta propia dise\u00f1os personalizados en cada proyecto de decoraci\u00f3n con fibras naturales.<br \/>\nHe atendido a los mas conocidos arquitectos y decoradores de interiores en los estados de RIO y Sao paulo, siempre aplicando mis conocimientos con una filosof\u00eda eco sustentable.<br \/>\nEn los proyectos corporativos , hemos aplicado retardante de llamas , donde emitimos el certificado respectivo por el cuerpo de bomberos y INMETRO de Sao Paulo y Rio de janeiro.<br \/>\n<\/span><\/p>\n<p><span style=\"font-size: 15px; font-weight: 400;\">EDSON NUNES<\/span><br \/>\n<span style=\"color: #c0a884; font-size: 14px; font-weight: 400;\">Eco Design<\/span><\/p>\n<\/div>\n<\/div>\n<div class=\"cmsms_column one_half\">\n<div class=\"cmsms_img  cmsms_image_n\">\n<img decoding=\"async\" src=\"https:\/\/www.designbyedsonnunes.com.br\/es\/wp-content\/uploads\/sites\/3\/2016\/08\/edson-nunes-foto.jpg\" alt=\"\" \/>\n<\/div>\n<\/div>\n<\/div>\n<\/div>\n<\/div>\n<\/div>\n<\/div>\n\n","protected":false},"excerpt":{"rendered":"","protected":false},"author":1,"featured_media":0,"parent":0,"menu_order":0,"comment_status":"closed","ping_status":"closed","template":"","meta":{"footnotes":""},"yoast_head":"<!-- This site is optimized with the Yoast SEO plugin v23.0 - https:\/\/yoast.com\/wordpress\/plugins\/seo\/ -->\n<title>Edson Nunes - Edson Nunes - Espa\u00f1ol<\/title>\n<meta name=\"robots\" content=\"noindex, follow, max-snippet:-1, max-image-preview:large, max-video-preview:-1\" \/>\n<meta property=\"og:locale\" content=\"pt_BR\" \/>\n<meta property=\"og:type\" content=\"article\" \/>\n<meta property=\"og:title\" content=\"Edson Nunes - Edson Nunes - Espa\u00f1ol\" \/>\n<meta property=\"og:url\" content=\"https:\/\/www.designbyedsonnunes.com.br\/es\/edson-nunes\/\" \/>\n<meta property=\"og:site_name\" content=\"Edson Nunes - Espa\u00f1ol\" \/>\n<meta property=\"article:modified_time\" content=\"2016-10-21T15:06:19+00:00\" \/>\n<meta name=\"twitter:card\" content=\"summary_large_image\" \/>\n<meta name=\"twitter:label1\" content=\"Est. tempo de leitura\" \/>\n\t<meta name=\"twitter:data1\" content=\"1 minuto\" \/>\n<script type=\"application\/ld+json\" class=\"yoast-schema-graph\">{\"@context\":\"https:\/\/schema.org\",\"@graph\":[{\"@type\":\"WebPage\",\"@id\":\"https:\/\/www.designbyedsonnunes.com.br\/es\/edson-nunes\/\",\"url\":\"https:\/\/www.designbyedsonnunes.com.br\/es\/edson-nunes\/\",\"name\":\"Edson Nunes - Edson Nunes - Espa\u00f1ol\",\"isPartOf\":{\"@id\":\"https:\/\/www.designbyedsonnunes.com.br\/es\/#website\"},\"datePublished\":\"2016-08-15T14:14:33+00:00\",\"dateModified\":\"2016-10-21T15:06:19+00:00\",\"breadcrumb\":{\"@id\":\"https:\/\/www.designbyedsonnunes.com.br\/es\/edson-nunes\/#breadcrumb\"},\"inLanguage\":\"pt-BR\",\"potentialAction\":[{\"@type\":\"ReadAction\",\"target\":[\"https:\/\/www.designbyedsonnunes.com.br\/es\/edson-nunes\/\"]}]},{\"@type\":\"BreadcrumbList\",\"@id\":\"https:\/\/www.designbyedsonnunes.com.br\/es\/edson-nunes\/#breadcrumb\",\"itemListElement\":[{\"@type\":\"ListItem\",\"position\":1,\"name\":\"In\u00edcio\",\"item\":\"https:\/\/www.designbyedsonnunes.com.br\/es\/\"},{\"@type\":\"ListItem\",\"position\":2,\"name\":\"Edson Nunes\"}]},{\"@type\":\"WebSite\",\"@id\":\"https:\/\/www.designbyedsonnunes.com.br\/es\/#website\",\"url\":\"https:\/\/www.designbyedsonnunes.com.br\/es\/\",\"name\":\"Edson Nunes - Espa\u00f1ol\",\"description\":\"S\u00f3 mais um site Edson Nunes Sites\",\"potentialAction\":[{\"@type\":\"SearchAction\",\"target\":{\"@type\":\"EntryPoint\",\"urlTemplate\":\"https:\/\/www.designbyedsonnunes.com.br\/es\/?s={search_term_string}\"},\"query-input\":\"required name=search_term_string\"}],\"inLanguage\":\"pt-BR\"}]}<\/script>\n<!-- \/ Yoast SEO plugin. -->","yoast_head_json":{"title":"Edson Nunes - Edson Nunes - Espa\u00f1ol","robots":{"index":"noindex","follow":"follow","max-snippet":"max-snippet:-1","max-image-preview":"max-image-preview:large","max-video-preview":"max-video-preview:-1"},"og_locale":"pt_BR","og_type":"article","og_title":"Edson Nunes - Edson Nunes - Espa\u00f1ol","og_url":"https:\/\/www.designbyedsonnunes.com.br\/es\/edson-nunes\/","og_site_name":"Edson Nunes - Espa\u00f1ol","article_modified_time":"2016-10-21T15:06:19+00:00","twitter_card":"summary_large_image","twitter_misc":{"Est. tempo de leitura":"1 minuto"},"schema":{"@context":"https:\/\/schema.org","@graph":[{"@type":"WebPage","@id":"https:\/\/www.designbyedsonnunes.com.br\/es\/edson-nunes\/","url":"https:\/\/www.designbyedsonnunes.com.br\/es\/edson-nunes\/","name":"Edson Nunes - Edson Nunes - Espa\u00f1ol","isPartOf":{"@id":"https:\/\/www.designbyedsonnunes.com.br\/es\/#website"},"datePublished":"2016-08-15T14:14:33+00:00","dateModified":"2016-10-21T15:06:19+00:00","breadcrumb":{"@id":"https:\/\/www.designbyedsonnunes.com.br\/es\/edson-nunes\/#breadcrumb"},"inLanguage":"pt-BR","potentialAction":[{"@type":"ReadAction","target":["https:\/\/www.designbyedsonnunes.com.br\/es\/edson-nunes\/"]}]},{"@type":"BreadcrumbList","@id":"https:\/\/www.designbyedsonnunes.com.br\/es\/edson-nunes\/#breadcrumb","itemListElement":[{"@type":"ListItem","position":1,"name":"In\u00edcio","item":"https:\/\/www.designbyedsonnunes.com.br\/es\/"},{"@type":"ListItem","position":2,"name":"Edson Nunes"}]},{"@type":"WebSite","@id":"https:\/\/www.designbyedsonnunes.com.br\/es\/#website","url":"https:\/\/www.designbyedsonnunes.com.br\/es\/","name":"Edson Nunes - Espa\u00f1ol","description":"S\u00f3 mais um site Edson Nunes Sites","potentialAction":[{"@type":"SearchAction","target":{"@type":"EntryPoint","urlTemplate":"https:\/\/www.designbyedsonnunes.com.br\/es\/?s={search_term_string}"},"query-input":"required name=search_term_string"}],"inLanguage":"pt-BR"}]}},"_links":{"self":[{"href":"https:\/\/www.designbyedsonnunes.com.br\/es\/wp-json\/wp\/v2\/pages\/7864"}],"collection":[{"href":"https:\/\/www.designbyedsonnunes.com.br\/es\/wp-json\/wp\/v2\/pages"}],"about":[{"href":"https:\/\/www.designbyedsonnunes.com.br\/es\/wp-json\/wp\/v2\/types\/page"}],"author":[{"embeddable":true,"href":"https:\/\/www.designbyedsonnunes.com.br\/es\/wp-json\/wp\/v2\/users\/1"}],"replies":[{"embeddable":true,"href":"https:\/\/www.designbyedsonnunes.com.br\/es\/wp-json\/wp\/v2\/comments?post=7864"}],"version-history":[{"count":5,"href":"https:\/\/www.designbyedsonnunes.com.br\/es\/wp-json\/wp\/v2\/pages\/7864\/revisions"}],"predecessor-version":[{"id":8636,"href":"https:\/\/www.designbyedsonnunes.com.br\/es\/wp-json\/wp\/v2\/pages\/7864\/revisions\/8636"}],"wp:attachment":[{"href":"https:\/\/www.designbyedsonnunes.com.br\/es\/wp-json\/wp\/v2\/media?parent=7864"}],"curies":[{"name":"wp","href":"https:\/\/api.w.org\/{rel}","templated":true}]}}