{"id":7915,"date":"2016-08-16T12:41:40","date_gmt":"2016-08-16T15:41:40","guid":{"rendered":"http:\/\/www.designbyedsonnunes.com.br\/?page_id=7915"},"modified":"2016-11-17T15:31:54","modified_gmt":"2016-11-17T17:31:54","slug":"exposiciones","status":"publish","type":"page","link":"https:\/\/www.designbyedsonnunes.com.br\/es\/exposiciones\/","title":{"rendered":"Exposiciones"},"content":{"rendered":"<style type=\"text\/css\"><\/style><div id=\"cmsms_row_69e80b397d5a8\" class=\"cmsms_row cmsms_color_scheme_default page-expo\">\n<div class=\"cmsms_row_outer_parent\">\n<div class=\"cmsms_row_outer\">\n<div class=\"cmsms_row_inner\">\n<div class=\"cmsms_row_margin\">\n<div class=\"cmsms_column one_first\">\n<div class=\"cmsms_wrap_blog entry-summary\" id=\"blog_69e80b397d6f2\"><div class=\"blog standard\">\r\n<!--_________________________ Start Standard Article _________________________ -->\r\n\r\n<article id=\"post-8094\" class=\"cmsms_default_type post-8094 post type-post status-publish format-standard has-post-thumbnail hentry category-exposicoes\">\r\n\t<div class=\"cmsms_post_cont\">\r\n\t<a class=\"image-post-expo\" rel=\"ilightbox\" href=\"https:\/\/www.designbyedsonnunes.com.br\/es\/wp-content\/uploads\/sites\/3\/2016\/09\/Imagem100.jpg\" title=\"Esteira de fibra celul\u00f3sica\" ><img loading=\"lazy\" decoding=\"async\" width=\"789\" height=\"444\" src=\"https:\/\/www.designbyedsonnunes.com.br\/es\/wp-content\/uploads\/sites\/3\/2016\/09\/Imagem100.jpg\" class=\"attachment-full-expo size-full-expo wp-post-image\" alt=\"\" srcset=\"https:\/\/www.designbyedsonnunes.com.br\/es\/wp-content\/uploads\/sites\/3\/2016\/09\/Imagem100.jpg 789w, https:\/\/www.designbyedsonnunes.com.br\/es\/wp-content\/uploads\/sites\/3\/2016\/09\/Imagem100-300x169.jpg 300w, https:\/\/www.designbyedsonnunes.com.br\/es\/wp-content\/uploads\/sites\/3\/2016\/09\/Imagem100-768x432.jpg 768w, https:\/\/www.designbyedsonnunes.com.br\/es\/wp-content\/uploads\/sites\/3\/2016\/09\/Imagem100-580x326.jpg 580w\" sizes=\"(max-width: 789px) 100vw, 789px\" \/><\/a>    <div class=\"cmsms_post_cont_wrapper\"><div class=\"cmsms_post_date_wrap\"><span class=\"cmsms_post_date pqp\"><abbr class=\"published\" title=\"15 \/ 09 \/ 2016\">15 \/ 09 \/ 2016<\/abbr><abbr class=\"dn date updated\" title=\"09 \/ 15 \/ 2016\">09 \/ 15 \/ 2016<\/abbr><\/span><\/div><header class=\"cmsms_post_header entry-header\"><h2 class=\"cmsms_post_title entry-title\"><a href=\"https:\/\/www.designbyedsonnunes.com.br\/es\/esteira-de-fibra-celulosica\/\">Esteira de fibra celul\u00f3sica<\/a><\/h2><\/header><div class=\"cmsms_post_content entry-content\">\n<p>Painel Casa Cor S\u00e3o Paulo 2016. Arquiteto Guilherme Torres.<\/p>\n<\/div>\n<\/div>\t<\/div>\r\n<\/article>\r\n<!--_________________________ Finish Standard Article _________________________ -->\r\n\r\n\r\n<!--_________________________ Start Standard Article _________________________ -->\r\n\r\n<article id=\"post-8091\" class=\"cmsms_default_type post-8091 post type-post status-publish format-standard has-post-thumbnail hentry category-exposicoes\">\r\n\t<div class=\"cmsms_post_cont\">\r\n\t<a class=\"image-post-expo\" rel=\"ilightbox\" href=\"https:\/\/www.designbyedsonnunes.com.br\/es\/wp-content\/uploads\/sites\/3\/2016\/09\/Imagem98.jpg\" title=\"Complementa\u00e7\u00e3o de mobili\u00e1rio\" ><img loading=\"lazy\" decoding=\"async\" width=\"789\" height=\"444\" src=\"https:\/\/www.designbyedsonnunes.com.br\/es\/wp-content\/uploads\/sites\/3\/2016\/09\/Imagem98.jpg\" class=\"attachment-full-expo size-full-expo wp-post-image\" alt=\"\" srcset=\"https:\/\/www.designbyedsonnunes.com.br\/es\/wp-content\/uploads\/sites\/3\/2016\/09\/Imagem98.jpg 789w, https:\/\/www.designbyedsonnunes.com.br\/es\/wp-content\/uploads\/sites\/3\/2016\/09\/Imagem98-300x169.jpg 300w, https:\/\/www.designbyedsonnunes.com.br\/es\/wp-content\/uploads\/sites\/3\/2016\/09\/Imagem98-768x432.jpg 768w, https:\/\/www.designbyedsonnunes.com.br\/es\/wp-content\/uploads\/sites\/3\/2016\/09\/Imagem98-580x326.jpg 580w\" sizes=\"(max-width: 789px) 100vw, 789px\" \/><\/a>    <div class=\"cmsms_post_cont_wrapper\"><div class=\"cmsms_post_date_wrap\"><span class=\"cmsms_post_date pqp\"><abbr class=\"published\" title=\"15 \/ 09 \/ 2016\">15 \/ 09 \/ 2016<\/abbr><abbr class=\"dn date updated\" title=\"09 \/ 15 \/ 2016\">09 \/ 15 \/ 2016<\/abbr><\/span><\/div><header class=\"cmsms_post_header entry-header\"><h2 class=\"cmsms_post_title entry-title\"><a href=\"https:\/\/www.designbyedsonnunes.com.br\/es\/complementacao-de-mobiliario\/\">Complementa\u00e7\u00e3o de mobili\u00e1rio<\/a><\/h2><\/header><div class=\"cmsms_post_content entry-content\">\n<p>Casa Cor S\u00e3o Paulo 2016. Vermeil M\u00f3veis.<\/p>\n<\/div>\n<\/div>\t<\/div>\r\n<\/article>\r\n<!--_________________________ Finish Standard Article _________________________ -->\r\n\r\n\r\n<!--_________________________ Start Standard Article _________________________ -->\r\n\r\n<article id=\"post-8087\" class=\"cmsms_default_type post-8087 post type-post status-publish format-standard has-post-thumbnail hentry category-exposicoes\">\r\n\t<div class=\"cmsms_post_cont\">\r\n\t<a class=\"image-post-expo\" rel=\"ilightbox\" href=\"https:\/\/www.designbyedsonnunes.com.br\/es\/wp-content\/uploads\/sites\/3\/2016\/09\/Imagem97.jpg\" title=\"Esteira de capim do serrado\" ><img loading=\"lazy\" decoding=\"async\" width=\"789\" height=\"444\" src=\"https:\/\/www.designbyedsonnunes.com.br\/es\/wp-content\/uploads\/sites\/3\/2016\/09\/Imagem97.jpg\" class=\"attachment-full-expo size-full-expo wp-post-image\" alt=\"\" srcset=\"https:\/\/www.designbyedsonnunes.com.br\/es\/wp-content\/uploads\/sites\/3\/2016\/09\/Imagem97.jpg 789w, https:\/\/www.designbyedsonnunes.com.br\/es\/wp-content\/uploads\/sites\/3\/2016\/09\/Imagem97-300x169.jpg 300w, https:\/\/www.designbyedsonnunes.com.br\/es\/wp-content\/uploads\/sites\/3\/2016\/09\/Imagem97-768x432.jpg 768w, https:\/\/www.designbyedsonnunes.com.br\/es\/wp-content\/uploads\/sites\/3\/2016\/09\/Imagem97-580x326.jpg 580w\" sizes=\"(max-width: 789px) 100vw, 789px\" \/><\/a>    <div class=\"cmsms_post_cont_wrapper\"><div class=\"cmsms_post_date_wrap\"><span class=\"cmsms_post_date pqp\"><abbr class=\"published\" title=\"15 \/ 09 \/ 2016\">15 \/ 09 \/ 2016<\/abbr><abbr class=\"dn date updated\" title=\"09 \/ 15 \/ 2016\">09 \/ 15 \/ 2016<\/abbr><\/span><\/div><header class=\"cmsms_post_header entry-header\"><h2 class=\"cmsms_post_title entry-title\"><a href=\"https:\/\/www.designbyedsonnunes.com.br\/es\/esteira-de-capim-do-serrado\/\">Esteira de capim do serrado<\/a><\/h2><\/header><div class=\"cmsms_post_content entry-content\">\n<p>Pergolado Casa Cor 2009. Marcelo Faisal<\/p>\n<\/div>\n<\/div>\t<\/div>\r\n<\/article>\r\n<!--_________________________ Finish Standard Article _________________________ -->\r\n\r\n\r\n<!--_________________________ Start Standard Article _________________________ -->\r\n\r\n<article id=\"post-6698\" class=\"cmsms_default_type post-6698 post type-post status-publish format-standard has-post-thumbnail hentry category-exposicoes category-imprensa\">\r\n\t<div class=\"cmsms_post_cont\">\r\n\t<a class=\"image-post-expo\" rel=\"ilightbox\" href=\"https:\/\/www.designbyedsonnunes.com.br\/es\/wp-content\/uploads\/sites\/3\/2015\/11\/revista-hotel-news.jpg\" title=\"Revista Hotel News\" ><img loading=\"lazy\" decoding=\"async\" width=\"480\" height=\"300\" src=\"https:\/\/www.designbyedsonnunes.com.br\/es\/wp-content\/uploads\/sites\/3\/2015\/11\/revista-hotel-news.jpg\" class=\"attachment-full-expo size-full-expo wp-post-image\" alt=\"\" srcset=\"https:\/\/www.designbyedsonnunes.com.br\/es\/wp-content\/uploads\/sites\/3\/2015\/11\/revista-hotel-news.jpg 480w, https:\/\/www.designbyedsonnunes.com.br\/es\/wp-content\/uploads\/sites\/3\/2015\/11\/revista-hotel-news-300x188.jpg 300w\" sizes=\"(max-width: 480px) 100vw, 480px\" \/><\/a>    <div class=\"cmsms_post_cont_wrapper\"><div class=\"cmsms_post_date_wrap\"><span class=\"cmsms_post_date pqp\"><abbr class=\"published\" title=\"01 \/ 09 \/ 2009\">01 \/ 09 \/ 2009<\/abbr><abbr class=\"dn date updated\" title=\"09 \/ 01 \/ 2009\">09 \/ 01 \/ 2009<\/abbr><\/span><\/div><header class=\"cmsms_post_header entry-header\"><h2 class=\"cmsms_post_title entry-title\"><a href=\"https:\/\/www.designbyedsonnunes.com.br\/es\/revista-hotel-news\/\">Revista Hotel News<\/a><\/h2><\/header><div class=\"cmsms_post_content entry-content\">\n<p>Revestimento pergorado de capim do serrado para o projeto Jardim do Viveiro do arquiteto e paisagista Marcelo Faisal na Casa Cor 2009.<\/p>\n<\/div>\n<\/div>\t<\/div>\r\n<\/article>\r\n<!--_________________________ Finish Standard Article _________________________ -->\r\n\r\n<\/div><\/div>\n<\/div>\n<\/div>\n<\/div>\n<\/div>\n<\/div>\n<\/div>\n\n","protected":false},"excerpt":{"rendered":"","protected":false},"author":1,"featured_media":0,"parent":0,"menu_order":0,"comment_status":"closed","ping_status":"closed","template":"","meta":{"footnotes":""},"yoast_head":"<!-- This site is optimized with the Yoast SEO plugin v23.0 - https:\/\/yoast.com\/wordpress\/plugins\/seo\/ -->\n<title>Exposiciones - Edson Nunes - Espa\u00f1ol<\/title>\n<meta name=\"robots\" content=\"noindex, follow, max-snippet:-1, max-image-preview:large, max-video-preview:-1\" \/>\n<meta property=\"og:locale\" content=\"pt_BR\" \/>\n<meta property=\"og:type\" content=\"article\" \/>\n<meta property=\"og:title\" content=\"Exposiciones - Edson Nunes - Espa\u00f1ol\" \/>\n<meta property=\"og:url\" content=\"https:\/\/www.designbyedsonnunes.com.br\/es\/exposiciones\/\" \/>\n<meta property=\"og:site_name\" content=\"Edson Nunes - Espa\u00f1ol\" \/>\n<meta property=\"article:modified_time\" content=\"2016-11-17T17:31:54+00:00\" \/>\n<meta name=\"twitter:card\" content=\"summary_large_image\" \/>\n<script type=\"application\/ld+json\" class=\"yoast-schema-graph\">{\"@context\":\"https:\/\/schema.org\",\"@graph\":[{\"@type\":\"WebPage\",\"@id\":\"https:\/\/www.designbyedsonnunes.com.br\/es\/exposiciones\/\",\"url\":\"https:\/\/www.designbyedsonnunes.com.br\/es\/exposiciones\/\",\"name\":\"Exposiciones - Edson Nunes - Espa\u00f1ol\",\"isPartOf\":{\"@id\":\"https:\/\/www.designbyedsonnunes.com.br\/es\/#website\"},\"datePublished\":\"2016-08-16T15:41:40+00:00\",\"dateModified\":\"2016-11-17T17:31:54+00:00\",\"breadcrumb\":{\"@id\":\"https:\/\/www.designbyedsonnunes.com.br\/es\/exposiciones\/#breadcrumb\"},\"inLanguage\":\"pt-BR\",\"potentialAction\":[{\"@type\":\"ReadAction\",\"target\":[\"https:\/\/www.designbyedsonnunes.com.br\/es\/exposiciones\/\"]}]},{\"@type\":\"BreadcrumbList\",\"@id\":\"https:\/\/www.designbyedsonnunes.com.br\/es\/exposiciones\/#breadcrumb\",\"itemListElement\":[{\"@type\":\"ListItem\",\"position\":1,\"name\":\"In\u00edcio\",\"item\":\"https:\/\/www.designbyedsonnunes.com.br\/es\/\"},{\"@type\":\"ListItem\",\"position\":2,\"name\":\"Exposiciones\"}]},{\"@type\":\"WebSite\",\"@id\":\"https:\/\/www.designbyedsonnunes.com.br\/es\/#website\",\"url\":\"https:\/\/www.designbyedsonnunes.com.br\/es\/\",\"name\":\"Edson Nunes - Espa\u00f1ol\",\"description\":\"S\u00f3 mais um site Edson Nunes Sites\",\"potentialAction\":[{\"@type\":\"SearchAction\",\"target\":{\"@type\":\"EntryPoint\",\"urlTemplate\":\"https:\/\/www.designbyedsonnunes.com.br\/es\/?s={search_term_string}\"},\"query-input\":\"required name=search_term_string\"}],\"inLanguage\":\"pt-BR\"}]}<\/script>\n<!-- \/ Yoast SEO plugin. -->","yoast_head_json":{"title":"Exposiciones - Edson Nunes - Espa\u00f1ol","robots":{"index":"noindex","follow":"follow","max-snippet":"max-snippet:-1","max-image-preview":"max-image-preview:large","max-video-preview":"max-video-preview:-1"},"og_locale":"pt_BR","og_type":"article","og_title":"Exposiciones - Edson Nunes - Espa\u00f1ol","og_url":"https:\/\/www.designbyedsonnunes.com.br\/es\/exposiciones\/","og_site_name":"Edson Nunes - Espa\u00f1ol","article_modified_time":"2016-11-17T17:31:54+00:00","twitter_card":"summary_large_image","schema":{"@context":"https:\/\/schema.org","@graph":[{"@type":"WebPage","@id":"https:\/\/www.designbyedsonnunes.com.br\/es\/exposiciones\/","url":"https:\/\/www.designbyedsonnunes.com.br\/es\/exposiciones\/","name":"Exposiciones - Edson Nunes - Espa\u00f1ol","isPartOf":{"@id":"https:\/\/www.designbyedsonnunes.com.br\/es\/#website"},"datePublished":"2016-08-16T15:41:40+00:00","dateModified":"2016-11-17T17:31:54+00:00","breadcrumb":{"@id":"https:\/\/www.designbyedsonnunes.com.br\/es\/exposiciones\/#breadcrumb"},"inLanguage":"pt-BR","potentialAction":[{"@type":"ReadAction","target":["https:\/\/www.designbyedsonnunes.com.br\/es\/exposiciones\/"]}]},{"@type":"BreadcrumbList","@id":"https:\/\/www.designbyedsonnunes.com.br\/es\/exposiciones\/#breadcrumb","itemListElement":[{"@type":"ListItem","position":1,"name":"In\u00edcio","item":"https:\/\/www.designbyedsonnunes.com.br\/es\/"},{"@type":"ListItem","position":2,"name":"Exposiciones"}]},{"@type":"WebSite","@id":"https:\/\/www.designbyedsonnunes.com.br\/es\/#website","url":"https:\/\/www.designbyedsonnunes.com.br\/es\/","name":"Edson Nunes - Espa\u00f1ol","description":"S\u00f3 mais um site Edson Nunes Sites","potentialAction":[{"@type":"SearchAction","target":{"@type":"EntryPoint","urlTemplate":"https:\/\/www.designbyedsonnunes.com.br\/es\/?s={search_term_string}"},"query-input":"required name=search_term_string"}],"inLanguage":"pt-BR"}]}},"_links":{"self":[{"href":"https:\/\/www.designbyedsonnunes.com.br\/es\/wp-json\/wp\/v2\/pages\/7915"}],"collection":[{"href":"https:\/\/www.designbyedsonnunes.com.br\/es\/wp-json\/wp\/v2\/pages"}],"about":[{"href":"https:\/\/www.designbyedsonnunes.com.br\/es\/wp-json\/wp\/v2\/types\/page"}],"author":[{"embeddable":true,"href":"https:\/\/www.designbyedsonnunes.com.br\/es\/wp-json\/wp\/v2\/users\/1"}],"replies":[{"embeddable":true,"href":"https:\/\/www.designbyedsonnunes.com.br\/es\/wp-json\/wp\/v2\/comments?post=7915"}],"version-history":[{"count":1,"href":"https:\/\/www.designbyedsonnunes.com.br\/es\/wp-json\/wp\/v2\/pages\/7915\/revisions"}],"predecessor-version":[{"id":8654,"href":"https:\/\/www.designbyedsonnunes.com.br\/es\/wp-json\/wp\/v2\/pages\/7915\/revisions\/8654"}],"wp:attachment":[{"href":"https:\/\/www.designbyedsonnunes.com.br\/es\/wp-json\/wp\/v2\/media?parent=7915"}],"curies":[{"name":"wp","href":"https:\/\/api.w.org\/{rel}","templated":true}]}}